{"id":11,"date":"2025-01-26T18:36:48","date_gmt":"2025-01-26T17:36:48","guid":{"rendered":"https:\/\/xn--trksporeppingen-zvb.de\/?page_id=11"},"modified":"2025-01-30T18:06:58","modified_gmt":"2025-01-30T17:06:58","slug":"1-mannschaft","status":"publish","type":"page","link":"https:\/\/xn--trksporeppingen-zvb.de\/?page_id=11","title":{"rendered":"2. Mannschaft"},"content":{"rendered":"\t\t<div data-elementor-type=\"wp-page\" data-elementor-id=\"11\" class=\"elementor elementor-11\">\n\t\t\t\t<div class=\"elementor-element elementor-element-b7ee689 e-flex e-con-boxed e-con e-parent\" data-id=\"b7ee689\" data-element_type=\"container\">\n\t\t\t\t\t<div class=\"e-con-inner\">\n\t\t\t\t<div class=\"elementor-element elementor-element-1f46da4 elementor-widget elementor-widget-heading\" data-id=\"1f46da4\" data-element_type=\"widget\" data-widget_type=\"heading.default\">\n\t\t\t\t<div class=\"elementor-widget-container\">\n\t\t\t\t\t<h2 class=\"elementor-heading-title elementor-size-default\">2. Mannschaft<\/h2>\t\t\t\t<\/div>\n\t\t\t\t<\/div>\n\t\t\t\t\t<\/div>\n\t\t\t\t<\/div>\n\t\t<div class=\"elementor-element elementor-element-3d03405 e-grid e-con-boxed e-con e-parent\" data-id=\"3d03405\" data-element_type=\"container\">\n\t\t\t\t\t<div class=\"e-con-inner\">\n\t\t\t\t<div class=\"elementor-element elementor-element-7a0e7a9 elementor-widget elementor-widget-shortcode\" data-id=\"7a0e7a9\" data-element_type=\"widget\" data-widget_type=\"shortcode.default\">\n\t\t\t\t<div class=\"elementor-widget-container\">\n\t\t\t\t\t\t\t<div class=\"elementor-shortcode\"><div class=\"sportspress\">\n\t\t<div id='sp-player-gallery-1748' class='gallery galleryid-1748 gallery-columns-3 gallery-size-sportspress-crop-medium'>\t<div class=\"sp-template sp-template-player-gallery sp-template-gallery\"><div class=\"sp-player-gallery-wrapper sp-gallery-wrapper\"><a name=\"group-torwart\" id=\"group-torwart\"><\/a><h4 class=\"sp-gallery-group-name player-group-name player-gallery-group-name\">Torwart<\/h4><dl class='gallery-item'>\n\t<dt class='gallery-icon portrait'><a href=\"https:\/\/xn--trksporeppingen-zvb.de\/?sp_player=senol-demir\"><img fetchpriority=\"high\" decoding=\"async\" width=\"300\" height=\"300\" src=\"https:\/\/t\u00fcrksporeppingen.de\/wp-content\/uploads\/2025\/01\/Senol-Demir.webp\" class=\"attachment-sportspress-crop-medium size-sportspress-crop-medium wp-post-image\" alt=\"Senol Demir\" \/><\/a><\/dt><a href=\"https:\/\/xn--trksporeppingen-zvb.de\/?sp_player=senol-demir\"><dd class=\"wp-caption-text gallery-caption small-3 columns has-number\"><strong>1<\/strong> Senol Demir<\/dd><\/a><\/dl><dl class='gallery-item'>\n\t<dt class='gallery-icon portrait'><a href=\"https:\/\/xn--trksporeppingen-zvb.de\/?sp_player=oezcan-kabak\"><img decoding=\"async\" width=\"300\" height=\"300\" src=\"https:\/\/t\u00fcrksporeppingen.de\/wp-content\/uploads\/2025\/01\/Oezcan-Kabak.webp\" class=\"attachment-sportspress-crop-medium size-sportspress-crop-medium wp-post-image\" alt=\"\u00d6zcan Kabak\" \/><\/a><\/dt><a href=\"https:\/\/xn--trksporeppingen-zvb.de\/?sp_player=oezcan-kabak\"><dd class=\"wp-caption-text gallery-caption small-3 columns has-number\"><strong>86<\/strong> \u00d6zcan Kabak<\/dd><\/a><\/dl><\/div><\/div><div class=\"sp-template sp-template-player-gallery sp-template-gallery\"><div class=\"sp-player-gallery-wrapper sp-gallery-wrapper\"><a name=\"group-abwehr\" id=\"group-abwehr\"><\/a><h4 class=\"sp-gallery-group-name player-group-name player-gallery-group-name\">Abwehr<\/h4><dl class='gallery-item'>\n\t<dt class='gallery-icon portrait'><a href=\"https:\/\/xn--trksporeppingen-zvb.de\/?sp_player=muhammet-celik\"><img decoding=\"async\" width=\"300\" height=\"300\" src=\"https:\/\/t\u00fcrksporeppingen.de\/wp-content\/uploads\/2025\/01\/Muhammed-Celik.webp\" class=\"attachment-sportspress-crop-medium size-sportspress-crop-medium wp-post-image\" alt=\"Muhammed Celik\" \/><\/a><\/dt><a href=\"https:\/\/xn--trksporeppingen-zvb.de\/?sp_player=muhammet-celik\"><dd class=\"wp-caption-text gallery-caption small-3 columns has-number\"><strong>5<\/strong> Muhammet Celik<\/dd><\/a><\/dl><\/div><\/div><div class=\"sp-template sp-template-player-gallery sp-template-gallery\"><div class=\"sp-player-gallery-wrapper sp-gallery-wrapper\"><a name=\"group-mittelfeld\" id=\"group-mittelfeld\"><\/a><h4 class=\"sp-gallery-group-name player-group-name player-gallery-group-name\">Mittelfeld<\/h4><dl class='gallery-item'>\n\t<dt class='gallery-icon portrait'><a href=\"https:\/\/xn--trksporeppingen-zvb.de\/?sp_player=kerem-sarac\"><img loading=\"lazy\" decoding=\"async\" width=\"300\" height=\"300\" src=\"https:\/\/t\u00fcrksporeppingen.de\/wp-content\/uploads\/2025\/01\/Kerem-Sarac.webp\" class=\"attachment-sportspress-crop-medium size-sportspress-crop-medium wp-post-image\" alt=\"Kerem Sarac\" \/><\/a><\/dt><a href=\"https:\/\/xn--trksporeppingen-zvb.de\/?sp_player=kerem-sarac\"><dd class=\"wp-caption-text gallery-caption small-3 columns\">Kerem Sarac<\/dd><\/a><\/dl><dl class='gallery-item'>\n\t<dt class='gallery-icon portrait'><a href=\"https:\/\/xn--trksporeppingen-zvb.de\/?sp_player=tarik-fistikci\"><img loading=\"lazy\" decoding=\"async\" width=\"300\" height=\"300\" src=\"https:\/\/t\u00fcrksporeppingen.de\/wp-content\/uploads\/2025\/01\/Tarik-Fistikci.webp\" class=\"attachment-sportspress-crop-medium size-sportspress-crop-medium wp-post-image\" alt=\"Tarik Fistikci\" \/><\/a><\/dt><a href=\"https:\/\/xn--trksporeppingen-zvb.de\/?sp_player=tarik-fistikci\"><dd class=\"wp-caption-text gallery-caption small-3 columns has-number\"><strong>11<\/strong> Tarik Fistikci (C)<\/dd><\/a><\/dl><dl class='gallery-item'>\n\t<dt class='gallery-icon portrait'><a href=\"https:\/\/xn--trksporeppingen-zvb.de\/?sp_player=umut-eyi\"><img loading=\"lazy\" decoding=\"async\" width=\"300\" height=\"300\" src=\"https:\/\/t\u00fcrksporeppingen.de\/wp-content\/uploads\/2025\/01\/Umut-Eyi.webp\" class=\"attachment-sportspress-crop-medium size-sportspress-crop-medium wp-post-image\" alt=\"Umut Eyi\" \/><\/a><\/dt><a href=\"https:\/\/xn--trksporeppingen-zvb.de\/?sp_player=umut-eyi\"><dd class=\"wp-caption-text gallery-caption small-3 columns has-number\"><strong>19<\/strong> Umut Eyi<\/dd><\/a><\/dl><dl class='gallery-item'>\n\t<dt class='gallery-icon portrait'><a href=\"https:\/\/xn--trksporeppingen-zvb.de\/?sp_player=zoran-jakovic\"><img loading=\"lazy\" decoding=\"async\" width=\"300\" height=\"300\" src=\"https:\/\/t\u00fcrksporeppingen.de\/wp-content\/uploads\/2025\/01\/Zoran-Jakovic.webp\" class=\"attachment-sportspress-crop-medium size-sportspress-crop-medium wp-post-image\" alt=\"Zoran Jakovic\" \/><\/a><\/dt><a href=\"https:\/\/xn--trksporeppingen-zvb.de\/?sp_player=zoran-jakovic\"><dd class=\"wp-caption-text gallery-caption small-3 columns has-number\"><strong>44<\/strong> Zoran Jakovic<\/dd><\/a><\/dl><\/div><\/div><div class=\"sp-template sp-template-player-gallery sp-template-gallery\"><div class=\"sp-player-gallery-wrapper sp-gallery-wrapper\"><a name=\"group-angriff\" id=\"group-angriff\"><\/a><h4 class=\"sp-gallery-group-name player-group-name player-gallery-group-name\">Angriff<\/h4><dl class='gallery-item'>\n\t<dt class='gallery-icon portrait'><a href=\"https:\/\/xn--trksporeppingen-zvb.de\/?sp_player=salih-kara\"><img loading=\"lazy\" decoding=\"async\" width=\"300\" height=\"300\" src=\"https:\/\/t\u00fcrksporeppingen.de\/wp-content\/uploads\/2025\/01\/Salih-Kara.webp\" class=\"attachment-sportspress-crop-medium size-sportspress-crop-medium wp-post-image\" alt=\"Salih Kara\" \/><\/a><\/dt><a href=\"https:\/\/xn--trksporeppingen-zvb.de\/?sp_player=salih-kara\"><dd class=\"wp-caption-text gallery-caption small-3 columns has-number\"><strong>37<\/strong> Salih Kara<\/dd><\/a><\/dl><dl class='gallery-item'>\n\t<dt class='gallery-icon portrait'><a href=\"https:\/\/xn--trksporeppingen-zvb.de\/?sp_player=sinan-kayaci\"><img loading=\"lazy\" decoding=\"async\" width=\"300\" height=\"300\" src=\"https:\/\/t\u00fcrksporeppingen.de\/wp-content\/uploads\/2025\/01\/Sinan-Kayaci.webp\" class=\"attachment-sportspress-crop-medium size-sportspress-crop-medium wp-post-image\" alt=\"Sinan Kayaci\" \/><\/a><\/dt><a href=\"https:\/\/xn--trksporeppingen-zvb.de\/?sp_player=sinan-kayaci\"><dd class=\"wp-caption-text gallery-caption small-3 columns has-number\"><strong>25<\/strong> Sinan Kayaci<\/dd><\/a><\/dl><\/div><\/div><\/div>\n<\/div><\/div>\n\t\t\t\t\t\t<\/div>\n\t\t\t\t<\/div>\n\t\t\t\t\t<\/div>\n\t\t\t\t<\/div>\n\t\t<div class=\"elementor-element elementor-element-2373699 e-flex e-con-boxed e-con e-parent\" data-id=\"2373699\" data-element_type=\"container\">\n\t\t\t\t\t<div class=\"e-con-inner\">\n\t\t\t\t<div class=\"elementor-element elementor-element-1d9db98 elementor-widget elementor-widget-heading\" data-id=\"1d9db98\" data-element_type=\"widget\" data-widget_type=\"heading.default\">\n\t\t\t\t<div class=\"elementor-widget-container\">\n\t\t\t\t\t<h2 class=\"elementor-heading-title elementor-size-default\">Spieltermine<\/h2>\t\t\t\t<\/div>\n\t\t\t\t<\/div>\n\t\t\t\t\t<\/div>\n\t\t\t\t<\/div>\n\t\t<div class=\"elementor-element elementor-element-eb29b1a e-flex e-con-boxed e-con e-parent\" data-id=\"eb29b1a\" data-element_type=\"container\">\n\t\t\t\t\t<div class=\"e-con-inner\">\n\t\t\t\t<div class=\"elementor-element elementor-element-548f66c elementor-widget elementor-widget-button\" data-id=\"548f66c\" data-element_type=\"widget\" data-widget_type=\"button.default\">\n\t\t\t\t<div class=\"elementor-widget-container\">\n\t\t\t\t\t\t\t\t\t<div class=\"elementor-button-wrapper\">\n\t\t\t\t\t<a class=\"elementor-button elementor-button-link elementor-size-sm\" href=\"https:\/\/www.fussball.de\/mannschaft\/tuerkspor-eppingen-2-tuerkspor-eppingen-baden\/-\/saison\/2425\/team-id\/01H9AGIN90000000VV0AG80NVU1T6GD1#!\/\">\n\t\t\t\t\t\t<span class=\"elementor-button-content-wrapper\">\n\t\t\t\t\t\t\t\t\t<span class=\"elementor-button-text\">Herren - T\u00fcrkspor Eppingen 2<\/span>\n\t\t\t\t\t<\/span>\n\t\t\t\t\t<\/a>\n\t\t\t\t<\/div>\n\t\t\t\t\t\t\t\t<\/div>\n\t\t\t\t<\/div>\n\t\t\t\t\t<\/div>\n\t\t\t\t<\/div>\n\t\t<div class=\"elementor-element elementor-element-0caf0ca e-flex e-con-boxed e-con e-parent\" data-id=\"0caf0ca\" data-element_type=\"container\">\n\t\t\t\t\t<div class=\"e-con-inner\">\n\t\t\t\t<div class=\"elementor-element elementor-element-e7c6247 elementor-position-left elementor-vertical-align-middle elementor-widget elementor-widget-image-box\" data-id=\"e7c6247\" data-element_type=\"widget\" data-widget_type=\"image-box.default\">\n\t\t\t\t<div class=\"elementor-widget-container\">\n\t\t\t\t\t<div class=\"elementor-image-box-wrapper\"><figure class=\"elementor-image-box-img\"><a href=\"https:\/\/xn--trksporeppingen-zvb.de\/?page_id=27\" tabindex=\"-1\"><img loading=\"lazy\" decoding=\"async\" width=\"356\" height=\"200\" src=\"https:\/\/t\u00fcrksporeppingen.de\/wp-content\/uploads\/2025\/01\/Spieler.jpg\" class=\"attachment-full size-full wp-image-1792\" alt=\"Spieler\" \/><\/a><\/figure><div class=\"elementor-image-box-content\"><h3 class=\"elementor-image-box-title\"><a href=\"https:\/\/xn--trksporeppingen-zvb.de\/?page_id=27\">Kontakt<\/a><\/h3><p class=\"elementor-image-box-description\">\u00d6lm\u00fchlstr. 6, 75031 Eppingen\n\n<\/p><\/div><\/div>\t\t\t\t<\/div>\n\t\t\t\t<\/div>\n\t\t\t\t\t<\/div>\n\t\t\t\t<\/div>\n\t\t\t\t<\/div>\n\t\t","protected":false},"excerpt":{"rendered":"<p>2. Mannschaft Spieltermine Herren &#8211; T\u00fcrkspor Eppingen 2 Kontakt \u00d6lm\u00fchlstr. 6, 75031 Eppingen<\/p>\n","protected":false},"author":1,"featured_media":0,"parent":0,"menu_order":0,"comment_status":"closed","ping_status":"closed","template":"","meta":{"site-sidebar-layout":"no-sidebar","site-content-layout":"page-builder","ast-site-content-layout":"full-width-container","site-content-style":"default","site-sidebar-style":"default","ast-global-header-display":"","ast-banner-title-visibility":"","ast-main-header-display":"","ast-hfb-above-header-display":"","ast-hfb-below-header-display":"","ast-hfb-mobile-header-display":"","site-post-title":"disabled","ast-breadcrumbs-content":"","ast-featured-img":"disabled","footer-sml-layout":"","theme-transparent-header-meta":"","adv-header-id-meta":"","stick-header-meta":"","header-above-stick-meta":"","header-main-stick-meta":"","header-below-stick-meta":"","astra-migrate-meta-layouts":"set","ast-page-background-enabled":"default","ast-page-background-meta":{"desktop":{"background-color":"var(--ast-global-color-4)","background-image":"","background-repeat":"repeat","background-position":"center center","background-size":"auto","background-attachment":"scroll","background-type":"","background-media":"","overlay-type":"","overlay-color":"","overlay-opacity":"","overlay-gradient":""},"tablet":{"background-color":"","background-image":"","background-repeat":"repeat","background-position":"center center","background-size":"auto","background-attachment":"scroll","background-type":"","background-media":"","overlay-type":"","overlay-color":"","overlay-opacity":"","overlay-gradient":""},"mobile":{"background-color":"","background-image":"","background-repeat":"repeat","background-position":"center center","background-size":"auto","background-attachment":"scroll","background-type":"","background-media":"","overlay-type":"","overlay-color":"","overlay-opacity":"","overlay-gradient":""}},"ast-content-background-meta":{"desktop":{"background-color":"var(--ast-global-color-5)","background-image":"","background-repeat":"repeat","background-position":"center center","background-size":"auto","background-attachment":"scroll","background-type":"","background-media":"","overlay-type":"","overlay-color":"","overlay-opacity":"","overlay-gradient":""},"tablet":{"background-color":"var(--ast-global-color-5)","background-image":"","background-repeat":"repeat","background-position":"center center","background-size":"auto","background-attachment":"scroll","background-type":"","background-media":"","overlay-type":"","overlay-color":"","overlay-opacity":"","overlay-gradient":""},"mobile":{"background-color":"var(--ast-global-color-5)","background-image":"","background-repeat":"repeat","background-position":"center center","background-size":"auto","background-attachment":"scroll","background-type":"","background-media":"","overlay-type":"","overlay-color":"","overlay-opacity":"","overlay-gradient":""}},"footnotes":""},"class_list":["post-11","page","type-page","status-publish","hentry"],"yoast_head":"<!-- This site is optimized with the Yoast SEO plugin v24.3 - https:\/\/yoast.com\/wordpress\/plugins\/seo\/ -->\n<title>2. Mannschaft - Eppingen T\u00fcrkspor 1995 e.V.<\/title>\n<meta name=\"robots\" content=\"index, follow, max-snippet:-1, max-image-preview:large, max-video-preview:-1\" \/>\n<link rel=\"canonical\" href=\"https:\/\/xn--trksporeppingen-zvb.de\/?page_id=11\" \/>\n<meta property=\"og:locale\" content=\"de_DE\" \/>\n<meta property=\"og:type\" content=\"article\" \/>\n<meta property=\"og:title\" content=\"2. Mannschaft - Eppingen T\u00fcrkspor 1995 e.V.\" \/>\n<meta property=\"og:description\" content=\"2. Mannschaft Spieltermine Herren &#8211; T\u00fcrkspor Eppingen 2 Kontakt \u00d6lm\u00fchlstr. 6, 75031 Eppingen\" \/>\n<meta property=\"og:url\" content=\"https:\/\/xn--trksporeppingen-zvb.de\/?page_id=11\" \/>\n<meta property=\"og:site_name\" content=\"Eppingen T\u00fcrkspor 1995 e.V.\" \/>\n<meta property=\"article:modified_time\" content=\"2025-01-30T17:06:58+00:00\" \/>\n<meta name=\"twitter:card\" content=\"summary_large_image\" \/>\n<meta name=\"twitter:label1\" content=\"Gesch\u00e4tzte Lesezeit\" \/>\n\t<meta name=\"twitter:data1\" content=\"1\u00a0Minute\" \/>\n<script type=\"application\/ld+json\" class=\"yoast-schema-graph\">{\"@context\":\"https:\/\/schema.org\",\"@graph\":[{\"@type\":\"WebPage\",\"@id\":\"https:\/\/xn--trksporeppingen-zvb.de\/?page_id=11\",\"url\":\"https:\/\/xn--trksporeppingen-zvb.de\/?page_id=11\",\"name\":\"2. Mannschaft - Eppingen T\u00fcrkspor 1995 e.V.\",\"isPartOf\":{\"@id\":\"https:\/\/xn--trksporeppingen-zvb.de\/#website\"},\"datePublished\":\"2025-01-26T17:36:48+00:00\",\"dateModified\":\"2025-01-30T17:06:58+00:00\",\"breadcrumb\":{\"@id\":\"https:\/\/xn--trksporeppingen-zvb.de\/?page_id=11#breadcrumb\"},\"inLanguage\":\"de\",\"potentialAction\":[{\"@type\":\"ReadAction\",\"target\":[\"https:\/\/xn--trksporeppingen-zvb.de\/?page_id=11\"]}]},{\"@type\":\"BreadcrumbList\",\"@id\":\"https:\/\/xn--trksporeppingen-zvb.de\/?page_id=11#breadcrumb\",\"itemListElement\":[{\"@type\":\"ListItem\",\"position\":1,\"name\":\"Startseite\",\"item\":\"https:\/\/xn--trksporeppingen-zvb.de\/\"},{\"@type\":\"ListItem\",\"position\":2,\"name\":\"2. Mannschaft\"}]},{\"@type\":\"WebSite\",\"@id\":\"https:\/\/xn--trksporeppingen-zvb.de\/#website\",\"url\":\"https:\/\/xn--trksporeppingen-zvb.de\/\",\"name\":\"Eppingen T\u00fcrkspor 1995 e.V.\",\"description\":\"\",\"publisher\":{\"@id\":\"https:\/\/xn--trksporeppingen-zvb.de\/#organization\"},\"potentialAction\":[{\"@type\":\"SearchAction\",\"target\":{\"@type\":\"EntryPoint\",\"urlTemplate\":\"https:\/\/xn--trksporeppingen-zvb.de\/?s={search_term_string}\"},\"query-input\":{\"@type\":\"PropertyValueSpecification\",\"valueRequired\":true,\"valueName\":\"search_term_string\"}}],\"inLanguage\":\"de\"},{\"@type\":\"Organization\",\"@id\":\"https:\/\/xn--trksporeppingen-zvb.de\/#organization\",\"name\":\"Eppingen T\u00fcrkspor 1995 e.V.\",\"url\":\"https:\/\/xn--trksporeppingen-zvb.de\/\",\"logo\":{\"@type\":\"ImageObject\",\"inLanguage\":\"de\",\"@id\":\"https:\/\/xn--trksporeppingen-zvb.de\/#\/schema\/logo\/image\/\",\"url\":\"https:\/\/t\u00fcrksporeppingen.de\/wp-content\/uploads\/2025\/01\/Tuerkspor-Logo.png\",\"contentUrl\":\"https:\/\/t\u00fcrksporeppingen.de\/wp-content\/uploads\/2025\/01\/Tuerkspor-Logo.png\",\"width\":135,\"height\":159,\"caption\":\"Eppingen T\u00fcrkspor 1995 e.V.\"},\"image\":{\"@id\":\"https:\/\/xn--trksporeppingen-zvb.de\/#\/schema\/logo\/image\/\"}}]}<\/script>\n<!-- \/ Yoast SEO plugin. -->","yoast_head_json":{"title":"2. Mannschaft - Eppingen T\u00fcrkspor 1995 e.V.","robots":{"index":"index","follow":"follow","max-snippet":"max-snippet:-1","max-image-preview":"max-image-preview:large","max-video-preview":"max-video-preview:-1"},"canonical":"https:\/\/xn--trksporeppingen-zvb.de\/?page_id=11","og_locale":"de_DE","og_type":"article","og_title":"2. Mannschaft - Eppingen T\u00fcrkspor 1995 e.V.","og_description":"2. Mannschaft Spieltermine Herren &#8211; T\u00fcrkspor Eppingen 2 Kontakt \u00d6lm\u00fchlstr. 6, 75031 Eppingen","og_url":"https:\/\/xn--trksporeppingen-zvb.de\/?page_id=11","og_site_name":"Eppingen T\u00fcrkspor 1995 e.V.","article_modified_time":"2025-01-30T17:06:58+00:00","twitter_card":"summary_large_image","twitter_misc":{"Gesch\u00e4tzte Lesezeit":"1\u00a0Minute"},"schema":{"@context":"https:\/\/schema.org","@graph":[{"@type":"WebPage","@id":"https:\/\/xn--trksporeppingen-zvb.de\/?page_id=11","url":"https:\/\/xn--trksporeppingen-zvb.de\/?page_id=11","name":"2. Mannschaft - Eppingen T\u00fcrkspor 1995 e.V.","isPartOf":{"@id":"https:\/\/xn--trksporeppingen-zvb.de\/#website"},"datePublished":"2025-01-26T17:36:48+00:00","dateModified":"2025-01-30T17:06:58+00:00","breadcrumb":{"@id":"https:\/\/xn--trksporeppingen-zvb.de\/?page_id=11#breadcrumb"},"inLanguage":"de","potentialAction":[{"@type":"ReadAction","target":["https:\/\/xn--trksporeppingen-zvb.de\/?page_id=11"]}]},{"@type":"BreadcrumbList","@id":"https:\/\/xn--trksporeppingen-zvb.de\/?page_id=11#breadcrumb","itemListElement":[{"@type":"ListItem","position":1,"name":"Startseite","item":"https:\/\/xn--trksporeppingen-zvb.de\/"},{"@type":"ListItem","position":2,"name":"2. Mannschaft"}]},{"@type":"WebSite","@id":"https:\/\/xn--trksporeppingen-zvb.de\/#website","url":"https:\/\/xn--trksporeppingen-zvb.de\/","name":"Eppingen T\u00fcrkspor 1995 e.V.","description":"","publisher":{"@id":"https:\/\/xn--trksporeppingen-zvb.de\/#organization"},"potentialAction":[{"@type":"SearchAction","target":{"@type":"EntryPoint","urlTemplate":"https:\/\/xn--trksporeppingen-zvb.de\/?s={search_term_string}"},"query-input":{"@type":"PropertyValueSpecification","valueRequired":true,"valueName":"search_term_string"}}],"inLanguage":"de"},{"@type":"Organization","@id":"https:\/\/xn--trksporeppingen-zvb.de\/#organization","name":"Eppingen T\u00fcrkspor 1995 e.V.","url":"https:\/\/xn--trksporeppingen-zvb.de\/","logo":{"@type":"ImageObject","inLanguage":"de","@id":"https:\/\/xn--trksporeppingen-zvb.de\/#\/schema\/logo\/image\/","url":"https:\/\/t\u00fcrksporeppingen.de\/wp-content\/uploads\/2025\/01\/Tuerkspor-Logo.png","contentUrl":"https:\/\/t\u00fcrksporeppingen.de\/wp-content\/uploads\/2025\/01\/Tuerkspor-Logo.png","width":135,"height":159,"caption":"Eppingen T\u00fcrkspor 1995 e.V."},"image":{"@id":"https:\/\/xn--trksporeppingen-zvb.de\/#\/schema\/logo\/image\/"}}]}},"_links":{"self":[{"href":"https:\/\/xn--trksporeppingen-zvb.de\/index.php?rest_route=\/wp\/v2\/pages\/11","targetHints":{"allow":["GET"]}}],"collection":[{"href":"https:\/\/xn--trksporeppingen-zvb.de\/index.php?rest_route=\/wp\/v2\/pages"}],"about":[{"href":"https:\/\/xn--trksporeppingen-zvb.de\/index.php?rest_route=\/wp\/v2\/types\/page"}],"author":[{"embeddable":true,"href":"https:\/\/xn--trksporeppingen-zvb.de\/index.php?rest_route=\/wp\/v2\/users\/1"}],"replies":[{"embeddable":true,"href":"https:\/\/xn--trksporeppingen-zvb.de\/index.php?rest_route=%2Fwp%2Fv2%2Fcomments&post=11"}],"version-history":[{"count":50,"href":"https:\/\/xn--trksporeppingen-zvb.de\/index.php?rest_route=\/wp\/v2\/pages\/11\/revisions"}],"predecessor-version":[{"id":1823,"href":"https:\/\/xn--trksporeppingen-zvb.de\/index.php?rest_route=\/wp\/v2\/pages\/11\/revisions\/1823"}],"wp:attachment":[{"href":"https:\/\/xn--trksporeppingen-zvb.de\/index.php?rest_route=%2Fwp%2Fv2%2Fmedia&parent=11"}],"curies":[{"name":"wp","href":"https:\/\/api.w.org\/{rel}","templated":true}]}}