{"id":7,"date":"2025-01-26T18:35:50","date_gmt":"2025-01-26T17:35:50","guid":{"rendered":"https:\/\/xn--trksporeppingen-zvb.de\/?page_id=7"},"modified":"2025-02-03T13:31:52","modified_gmt":"2025-02-03T12:31:52","slug":"startseite","status":"publish","type":"page","link":"https:\/\/xn--trksporeppingen-zvb.de\/","title":{"rendered":"T\u00fcrkspor Eppingen"},"content":{"rendered":"\t\t<div data-elementor-type=\"wp-page\" data-elementor-id=\"7\" class=\"elementor elementor-7\">\n\t\t\t\t<div class=\"elementor-element elementor-element-51ce83d e-flex e-con-boxed e-con e-parent\" data-id=\"51ce83d\" data-element_type=\"container\">\n\t\t\t\t\t<div class=\"e-con-inner\">\n\t\t\t\t<div class=\"elementor-element elementor-element-98e0073 elementor-widget__width-inherit elementor-widget elementor-widget-heading\" data-id=\"98e0073\" data-element_type=\"widget\" data-widget_type=\"heading.default\">\n\t\t\t\t<div class=\"elementor-widget-container\">\n\t\t\t\t\t<h1 class=\"elementor-heading-title elementor-size-default\">KRAICHGAUER L\u00d6WEN<\/h1>\t\t\t\t<\/div>\n\t\t\t\t<\/div>\n\t\t\t\t\t<\/div>\n\t\t\t\t<\/div>\n\t\t<div class=\"elementor-element elementor-element-7e372dc e-con-full e-flex e-con e-parent\" data-id=\"7e372dc\" data-element_type=\"container\">\n\t\t\t\t<div class=\"elementor-element elementor-element-48369bd elementor-widget elementor-widget-video\" data-id=\"48369bd\" data-element_type=\"widget\" data-settings=\"{&quot;video_type&quot;:&quot;hosted&quot;,&quot;autoplay&quot;:&quot;yes&quot;,&quot;play_on_mobile&quot;:&quot;yes&quot;,&quot;mute&quot;:&quot;yes&quot;,&quot;loop&quot;:&quot;yes&quot;}\" data-widget_type=\"video.default\">\n\t\t\t\t<div class=\"elementor-widget-container\">\n\t\t\t\t\t\t\t<div class=\"e-hosted-video elementor-wrapper elementor-open-inline\">\n\t\t\t\t\t<video class=\"elementor-video\" src=\"https:\/\/t\u00fcrksporeppingen.de\/wp-content\/uploads\/2025\/01\/VIDEO-2024-12-19-20-51-49.mp4\" autoplay=\"\" loop=\"\" muted=\"muted\" playsinline=\"\" controlsList=\"nodownload\"><\/video>\n\t\t\t\t<\/div>\n\t\t\t\t\t\t<\/div>\n\t\t\t\t<\/div>\n\t\t\t\t<\/div>\n\t\t<div class=\"elementor-element elementor-element-3f68fdf e-flex e-con-boxed e-con e-parent\" data-id=\"3f68fdf\" data-element_type=\"container\">\n\t\t\t\t\t<div class=\"e-con-inner\">\n\t\t\t\t<div class=\"elementor-element elementor-element-59bf670 elementor-widget elementor-widget-heading\" data-id=\"59bf670\" data-element_type=\"widget\" data-widget_type=\"heading.default\">\n\t\t\t\t<div class=\"elementor-widget-container\">\n\t\t\t\t\t<h2 class=\"elementor-heading-title elementor-size-default\">GESCHICHTE VON T\u00dcRKSPOR EPPINGEN<\/h2>\t\t\t\t<\/div>\n\t\t\t\t<\/div>\n\t\t\t\t\t<\/div>\n\t\t\t\t<\/div>\n\t\t<div class=\"elementor-element elementor-element-14fc01d e-flex e-con-boxed e-con e-parent\" data-id=\"14fc01d\" data-element_type=\"container\" data-settings=\"{&quot;background_background&quot;:&quot;classic&quot;}\">\n\t\t\t\t\t<div class=\"e-con-inner\">\n\t\t<div class=\"elementor-element elementor-element-23c2c0c e-con-full e-flex e-con e-child\" data-id=\"23c2c0c\" data-element_type=\"container\">\n\t\t\t\t<div class=\"elementor-element elementor-element-7ec9206 elementor-widget elementor-widget-text-editor\" data-id=\"7ec9206\" data-element_type=\"widget\" data-widget_type=\"text-editor.default\">\n\t\t\t\t<div class=\"elementor-widget-container\">\n\t\t\t\t\t\t\t\t\t<p>Seit 1995 in Eppingen aktiv, steht unsere Mannschaft f\u00fcr Leidenschaft, Zusammenhalt und Erfolg. Mit einer starken Gemeinschaft und einem gro\u00dfen Einzugsgebiet sind wir \u00fcber die Stadtgrenzen hinaus bekannt.<br \/>Ob Liga, Pokal, Stadtmeisterschaften oder Turniere &#8211; wir geben alles und feiern gemeinsam. Auch bei Stadtfesten, Vereins- und sozialen Events leben wir unseren Teamgeist.<br \/>Wir sind mehr als ein Team &#8211; wir sind eine Familie, die w\u00e4chst und bewegt!<\/p>\t\t\t\t\t\t\t\t<\/div>\n\t\t\t\t<\/div>\n\t\t\t\t<\/div>\n\t\t<div class=\"elementor-element elementor-element-eb343c3 e-con-full e-flex e-con e-child\" data-id=\"eb343c3\" data-element_type=\"container\">\n\t\t\t\t<div class=\"elementor-element elementor-element-fe14d1a elementor-widget elementor-widget-image\" data-id=\"fe14d1a\" data-element_type=\"widget\" data-widget_type=\"image.default\">\n\t\t\t\t<div class=\"elementor-widget-container\">\n\t\t\t\t\t\t\t\t\t\t\t\t\t\t\t<img fetchpriority=\"high\" decoding=\"async\" width=\"768\" height=\"512\" src=\"https:\/\/t\u00fcrksporeppingen.de\/wp-content\/uploads\/2025\/02\/Team-Bild.png\" class=\"attachment-medium_large size-medium_large wp-image-1846\" alt=\"\" \/>\t\t\t\t\t\t\t\t\t\t\t\t\t\t\t<\/div>\n\t\t\t\t<\/div>\n\t\t\t\t<\/div>\n\t\t\t\t\t<\/div>\n\t\t\t\t<\/div>\n\t\t<div class=\"elementor-element elementor-element-91d6593 e-flex e-con-boxed e-con e-parent\" data-id=\"91d6593\" data-element_type=\"container\">\n\t\t\t\t\t<div class=\"e-con-inner\">\n\t\t\t\t<div class=\"elementor-element elementor-element-4e14542 elementor-widget elementor-widget-heading\" data-id=\"4e14542\" data-element_type=\"widget\" data-widget_type=\"heading.default\">\n\t\t\t\t<div class=\"elementor-widget-container\">\n\t\t\t\t\t<h2 class=\"elementor-heading-title elementor-size-default\">UNSERE SPONSOREN<\/h2>\t\t\t\t<\/div>\n\t\t\t\t<\/div>\n\t\t\t\t\t<\/div>\n\t\t\t\t<\/div>\n\t\t<div class=\"elementor-element elementor-element-5bb70ea e-flex e-con-boxed e-con e-parent\" data-id=\"5bb70ea\" data-element_type=\"container\">\n\t\t\t\t\t<div class=\"e-con-inner\">\n\t\t\t\t<div class=\"elementor-element elementor-element-cbf8ad7 elementor-widget elementor-widget-image\" data-id=\"cbf8ad7\" data-element_type=\"widget\" data-widget_type=\"image.default\">\n\t\t\t\t<div class=\"elementor-widget-container\">\n\t\t\t\t\t\t\t\t\t\t\t\t\t\t\t<img decoding=\"async\" width=\"1024\" height=\"474\" src=\"https:\/\/t\u00fcrksporeppingen.de\/wp-content\/uploads\/2025\/01\/Sponsoren-.jpg\" class=\"attachment-large size-large wp-image-1662\" alt=\"Unsere Sponsoren\" \/>\t\t\t\t\t\t\t\t\t\t\t\t\t\t\t<\/div>\n\t\t\t\t<\/div>\n\t\t\t\t\t<\/div>\n\t\t\t\t<\/div>\n\t\t\t\t<\/div>\n\t\t","protected":false},"excerpt":{"rendered":"<p>KRAICHGAUER L\u00d6WEN https:\/\/t\u00fcrksporeppingen.de\/wp-content\/uploads\/2025\/01\/VIDEO-2024-12-19-20-51-49.mp4 GESCHICHTE VON T\u00dcRKSPOR EPPINGEN Seit 1995 in Eppingen aktiv, steht unsere Mannschaft f\u00fcr Leidenschaft, Zusammenhalt und Erfolg. Mit einer starken Gemeinschaft und einem gro\u00dfen Einzugsgebiet sind wir \u00fcber die Stadtgrenzen hinaus bekannt.Ob Liga, Pokal, Stadtmeisterschaften oder Turniere &#8211; wir geben alles und feiern gemeinsam. Auch bei Stadtfesten, Vereins- und sozialen Events leben [&hellip;]<\/p>\n","protected":false},"author":1,"featured_media":0,"parent":0,"menu_order":0,"comment_status":"closed","ping_status":"closed","template":"elementor_header_footer","meta":{"site-sidebar-layout":"default","site-content-layout":"","ast-site-content-layout":"","site-content-style":"default","site-sidebar-style":"default","ast-global-header-display":"","ast-banner-title-visibility":"","ast-main-header-display":"","ast-hfb-above-header-display":"","ast-hfb-below-header-display":"","ast-hfb-mobile-header-display":"","site-post-title":"","ast-breadcrumbs-content":"","ast-featured-img":"","footer-sml-layout":"","theme-transparent-header-meta":"","adv-header-id-meta":"","stick-header-meta":"","header-above-stick-meta":"","header-main-stick-meta":"","header-below-stick-meta":"","astra-migrate-meta-layouts":"default","ast-page-background-enabled":"default","ast-page-background-meta":{"desktop":{"background-color":"var(--ast-global-color-4)","background-image":"","background-repeat":"repeat","background-position":"center center","background-size":"auto","background-attachment":"scroll","background-type":"","background-media":"","overlay-type":"","overlay-color":"","overlay-opacity":"","overlay-gradient":""},"tablet":{"background-color":"","background-image":"","background-repeat":"repeat","background-position":"center center","background-size":"auto","background-attachment":"scroll","background-type":"","background-media":"","overlay-type":"","overlay-color":"","overlay-opacity":"","overlay-gradient":""},"mobile":{"background-color":"","background-image":"","background-repeat":"repeat","background-position":"center center","background-size":"auto","background-attachment":"scroll","background-type":"","background-media":"","overlay-type":"","overlay-color":"","overlay-opacity":"","overlay-gradient":""}},"ast-content-background-meta":{"desktop":{"background-color":"var(--ast-global-color-5)","background-image":"","background-repeat":"repeat","background-position":"center center","background-size":"auto","background-attachment":"scroll","background-type":"","background-media":"","overlay-type":"","overlay-color":"","overlay-opacity":"","overlay-gradient":""},"tablet":{"background-color":"var(--ast-global-color-5)","background-image":"","background-repeat":"repeat","background-position":"center center","background-size":"auto","background-attachment":"scroll","background-type":"","background-media":"","overlay-type":"","overlay-color":"","overlay-opacity":"","overlay-gradient":""},"mobile":{"background-color":"var(--ast-global-color-5)","background-image":"","background-repeat":"repeat","background-position":"center center","background-size":"auto","background-attachment":"scroll","background-type":"","background-media":"","overlay-type":"","overlay-color":"","overlay-opacity":"","overlay-gradient":""}},"footnotes":""},"class_list":["post-7","page","type-page","status-publish","hentry"],"yoast_head":"<!-- This site is optimized with the Yoast SEO plugin v24.3 - https:\/\/yoast.com\/wordpress\/plugins\/seo\/ -->\n<title>T\u00fcrkspor Eppingen - Eppingen T\u00fcrkspor 1995 e.V.<\/title>\n<meta name=\"robots\" content=\"index, follow, max-snippet:-1, max-image-preview:large, max-video-preview:-1\" \/>\n<link rel=\"canonical\" href=\"https:\/\/xn--trksporeppingen-zvb.de\/\" \/>\n<meta property=\"og:locale\" content=\"de_DE\" \/>\n<meta property=\"og:type\" content=\"article\" \/>\n<meta property=\"og:title\" content=\"T\u00fcrkspor Eppingen - Eppingen T\u00fcrkspor 1995 e.V.\" \/>\n<meta property=\"og:description\" content=\"KRAICHGAUER L\u00d6WEN https:\/\/t\u00fcrksporeppingen.de\/wp-content\/uploads\/2025\/01\/VIDEO-2024-12-19-20-51-49.mp4 GESCHICHTE VON T\u00dcRKSPOR EPPINGEN Seit 1995 in Eppingen aktiv, steht unsere Mannschaft f\u00fcr Leidenschaft, Zusammenhalt und Erfolg. Mit einer starken Gemeinschaft und einem gro\u00dfen Einzugsgebiet sind wir \u00fcber die Stadtgrenzen hinaus bekannt.Ob Liga, Pokal, Stadtmeisterschaften oder Turniere &#8211; wir geben alles und feiern gemeinsam. Auch bei Stadtfesten, Vereins- und sozialen Events leben [&hellip;]\" \/>\n<meta property=\"og:url\" content=\"https:\/\/xn--trksporeppingen-zvb.de\/\" \/>\n<meta property=\"og:site_name\" content=\"Eppingen T\u00fcrkspor 1995 e.V.\" \/>\n<meta property=\"article:modified_time\" content=\"2025-02-03T12:31:52+00:00\" \/>\n<meta name=\"twitter:card\" content=\"summary_large_image\" \/>\n<meta name=\"twitter:label1\" content=\"Gesch\u00e4tzte Lesezeit\" \/>\n\t<meta name=\"twitter:data1\" content=\"1\u00a0Minute\" \/>\n<script type=\"application\/ld+json\" class=\"yoast-schema-graph\">{\"@context\":\"https:\/\/schema.org\",\"@graph\":[{\"@type\":\"WebPage\",\"@id\":\"https:\/\/xn--trksporeppingen-zvb.de\/\",\"url\":\"https:\/\/xn--trksporeppingen-zvb.de\/\",\"name\":\"T\u00fcrkspor Eppingen - Eppingen T\u00fcrkspor 1995 e.V.\",\"isPartOf\":{\"@id\":\"https:\/\/xn--trksporeppingen-zvb.de\/#website\"},\"datePublished\":\"2025-01-26T17:35:50+00:00\",\"dateModified\":\"2025-02-03T12:31:52+00:00\",\"breadcrumb\":{\"@id\":\"https:\/\/xn--trksporeppingen-zvb.de\/#breadcrumb\"},\"inLanguage\":\"de\",\"potentialAction\":[{\"@type\":\"ReadAction\",\"target\":[\"https:\/\/xn--trksporeppingen-zvb.de\/\"]}]},{\"@type\":\"BreadcrumbList\",\"@id\":\"https:\/\/xn--trksporeppingen-zvb.de\/#breadcrumb\",\"itemListElement\":[{\"@type\":\"ListItem\",\"position\":1,\"name\":\"Startseite\",\"item\":\"https:\/\/xn--trksporeppingen-zvb.de\/\"},{\"@type\":\"ListItem\",\"position\":2,\"name\":\"T\u00fcrkspor Eppingen\"}]},{\"@type\":\"WebSite\",\"@id\":\"https:\/\/xn--trksporeppingen-zvb.de\/#website\",\"url\":\"https:\/\/xn--trksporeppingen-zvb.de\/\",\"name\":\"Eppingen T\u00fcrkspor 1995 e.V.\",\"description\":\"\",\"publisher\":{\"@id\":\"https:\/\/xn--trksporeppingen-zvb.de\/#organization\"},\"potentialAction\":[{\"@type\":\"SearchAction\",\"target\":{\"@type\":\"EntryPoint\",\"urlTemplate\":\"https:\/\/xn--trksporeppingen-zvb.de\/?s={search_term_string}\"},\"query-input\":{\"@type\":\"PropertyValueSpecification\",\"valueRequired\":true,\"valueName\":\"search_term_string\"}}],\"inLanguage\":\"de\"},{\"@type\":\"Organization\",\"@id\":\"https:\/\/xn--trksporeppingen-zvb.de\/#organization\",\"name\":\"Eppingen T\u00fcrkspor 1995 e.V.\",\"url\":\"https:\/\/xn--trksporeppingen-zvb.de\/\",\"logo\":{\"@type\":\"ImageObject\",\"inLanguage\":\"de\",\"@id\":\"https:\/\/xn--trksporeppingen-zvb.de\/#\/schema\/logo\/image\/\",\"url\":\"https:\/\/t\u00fcrksporeppingen.de\/wp-content\/uploads\/2025\/01\/Tuerkspor-Logo.png\",\"contentUrl\":\"https:\/\/t\u00fcrksporeppingen.de\/wp-content\/uploads\/2025\/01\/Tuerkspor-Logo.png\",\"width\":135,\"height\":159,\"caption\":\"Eppingen T\u00fcrkspor 1995 e.V.\"},\"image\":{\"@id\":\"https:\/\/xn--trksporeppingen-zvb.de\/#\/schema\/logo\/image\/\"}}]}<\/script>\n<!-- \/ Yoast SEO plugin. -->","yoast_head_json":{"title":"T\u00fcrkspor Eppingen - Eppingen T\u00fcrkspor 1995 e.V.","robots":{"index":"index","follow":"follow","max-snippet":"max-snippet:-1","max-image-preview":"max-image-preview:large","max-video-preview":"max-video-preview:-1"},"canonical":"https:\/\/xn--trksporeppingen-zvb.de\/","og_locale":"de_DE","og_type":"article","og_title":"T\u00fcrkspor Eppingen - Eppingen T\u00fcrkspor 1995 e.V.","og_description":"KRAICHGAUER L\u00d6WEN https:\/\/t\u00fcrksporeppingen.de\/wp-content\/uploads\/2025\/01\/VIDEO-2024-12-19-20-51-49.mp4 GESCHICHTE VON T\u00dcRKSPOR EPPINGEN Seit 1995 in Eppingen aktiv, steht unsere Mannschaft f\u00fcr Leidenschaft, Zusammenhalt und Erfolg. Mit einer starken Gemeinschaft und einem gro\u00dfen Einzugsgebiet sind wir \u00fcber die Stadtgrenzen hinaus bekannt.Ob Liga, Pokal, Stadtmeisterschaften oder Turniere &#8211; wir geben alles und feiern gemeinsam. Auch bei Stadtfesten, Vereins- und sozialen Events leben [&hellip;]","og_url":"https:\/\/xn--trksporeppingen-zvb.de\/","og_site_name":"Eppingen T\u00fcrkspor 1995 e.V.","article_modified_time":"2025-02-03T12:31:52+00:00","twitter_card":"summary_large_image","twitter_misc":{"Gesch\u00e4tzte Lesezeit":"1\u00a0Minute"},"schema":{"@context":"https:\/\/schema.org","@graph":[{"@type":"WebPage","@id":"https:\/\/xn--trksporeppingen-zvb.de\/","url":"https:\/\/xn--trksporeppingen-zvb.de\/","name":"T\u00fcrkspor Eppingen - Eppingen T\u00fcrkspor 1995 e.V.","isPartOf":{"@id":"https:\/\/xn--trksporeppingen-zvb.de\/#website"},"datePublished":"2025-01-26T17:35:50+00:00","dateModified":"2025-02-03T12:31:52+00:00","breadcrumb":{"@id":"https:\/\/xn--trksporeppingen-zvb.de\/#breadcrumb"},"inLanguage":"de","potentialAction":[{"@type":"ReadAction","target":["https:\/\/xn--trksporeppingen-zvb.de\/"]}]},{"@type":"BreadcrumbList","@id":"https:\/\/xn--trksporeppingen-zvb.de\/#breadcrumb","itemListElement":[{"@type":"ListItem","position":1,"name":"Startseite","item":"https:\/\/xn--trksporeppingen-zvb.de\/"},{"@type":"ListItem","position":2,"name":"T\u00fcrkspor Eppingen"}]},{"@type":"WebSite","@id":"https:\/\/xn--trksporeppingen-zvb.de\/#website","url":"https:\/\/xn--trksporeppingen-zvb.de\/","name":"Eppingen T\u00fcrkspor 1995 e.V.","description":"","publisher":{"@id":"https:\/\/xn--trksporeppingen-zvb.de\/#organization"},"potentialAction":[{"@type":"SearchAction","target":{"@type":"EntryPoint","urlTemplate":"https:\/\/xn--trksporeppingen-zvb.de\/?s={search_term_string}"},"query-input":{"@type":"PropertyValueSpecification","valueRequired":true,"valueName":"search_term_string"}}],"inLanguage":"de"},{"@type":"Organization","@id":"https:\/\/xn--trksporeppingen-zvb.de\/#organization","name":"Eppingen T\u00fcrkspor 1995 e.V.","url":"https:\/\/xn--trksporeppingen-zvb.de\/","logo":{"@type":"ImageObject","inLanguage":"de","@id":"https:\/\/xn--trksporeppingen-zvb.de\/#\/schema\/logo\/image\/","url":"https:\/\/t\u00fcrksporeppingen.de\/wp-content\/uploads\/2025\/01\/Tuerkspor-Logo.png","contentUrl":"https:\/\/t\u00fcrksporeppingen.de\/wp-content\/uploads\/2025\/01\/Tuerkspor-Logo.png","width":135,"height":159,"caption":"Eppingen T\u00fcrkspor 1995 e.V."},"image":{"@id":"https:\/\/xn--trksporeppingen-zvb.de\/#\/schema\/logo\/image\/"}}]}},"_links":{"self":[{"href":"https:\/\/xn--trksporeppingen-zvb.de\/index.php?rest_route=\/wp\/v2\/pages\/7","targetHints":{"allow":["GET"]}}],"collection":[{"href":"https:\/\/xn--trksporeppingen-zvb.de\/index.php?rest_route=\/wp\/v2\/pages"}],"about":[{"href":"https:\/\/xn--trksporeppingen-zvb.de\/index.php?rest_route=\/wp\/v2\/types\/page"}],"author":[{"embeddable":true,"href":"https:\/\/xn--trksporeppingen-zvb.de\/index.php?rest_route=\/wp\/v2\/users\/1"}],"replies":[{"embeddable":true,"href":"https:\/\/xn--trksporeppingen-zvb.de\/index.php?rest_route=%2Fwp%2Fv2%2Fcomments&post=7"}],"version-history":[{"count":31,"href":"https:\/\/xn--trksporeppingen-zvb.de\/index.php?rest_route=\/wp\/v2\/pages\/7\/revisions"}],"predecessor-version":[{"id":1857,"href":"https:\/\/xn--trksporeppingen-zvb.de\/index.php?rest_route=\/wp\/v2\/pages\/7\/revisions\/1857"}],"wp:attachment":[{"href":"https:\/\/xn--trksporeppingen-zvb.de\/index.php?rest_route=%2Fwp%2Fv2%2Fmedia&parent=7"}],"curies":[{"name":"wp","href":"https:\/\/api.w.org\/{rel}","templated":true}]}}